{"id":1990,"date":"2023-09-05T13:30:38","date_gmt":"2023-09-05T13:30:38","guid":{"rendered":"https:\/\/hollisterbash.com\/cookie-richtlinie\/"},"modified":"2024-02-21T12:27:59","modified_gmt":"2024-02-21T12:27:59","slug":"cookie-richtlinie","status":"publish","type":"page","link":"https:\/\/hollisterbash.com\/de\/cookie-richtlinie\/","title":{"rendered":"Cookie-Richtlinie"},"content":{"rendered":"\t\t<div data-elementor-type=\"wp-page\" data-elementor-id=\"1990\" class=\"elementor elementor-1990 elementor-1780\" data-elementor-post-type=\"page\">\n\t\t\t\t\t\t<section class=\"elementor-section elementor-top-section elementor-element elementor-element-5c88947 elementor-section-full_width elementor-section-stretched elementor-section-height-default elementor-section-height-default\" data-id=\"5c88947\" data-element_type=\"section\" data-settings=\"{&quot;stretch_section&quot;:&quot;section-stretched&quot;,&quot;background_background&quot;:&quot;classic&quot;}\">\n\t\t\t\t\t\t<div class=\"elementor-container elementor-column-gap-default\">\n\t\t\t\t\t<div class=\"elementor-column elementor-col-100 elementor-top-column elementor-element elementor-element-8cec261\" data-id=\"8cec261\" data-element_type=\"column\">\n\t\t\t<div class=\"elementor-widget-wrap elementor-element-populated\">\n\t\t\t\t\t\t<div class=\"elementor-element elementor-element-bd485cd elementor-widget elementor-widget-spacer\" data-id=\"bd485cd\" data-element_type=\"widget\" data-widget_type=\"spacer.default\">\n\t\t\t\t<div class=\"elementor-widget-container\">\n\t\t\t<style>\/*! elementor - v3.23.0 - 05-08-2024 *\/\n.elementor-column .elementor-spacer-inner{height:var(--spacer-size)}.e-con{--container-widget-width:100%}.e-con-inner>.elementor-widget-spacer,.e-con>.elementor-widget-spacer{width:var(--container-widget-width,var(--spacer-size));--align-self:var(--container-widget-align-self,initial);--flex-shrink:0}.e-con-inner>.elementor-widget-spacer>.elementor-widget-container,.e-con>.elementor-widget-spacer>.elementor-widget-container{height:100%;width:100%}.e-con-inner>.elementor-widget-spacer>.elementor-widget-container>.elementor-spacer,.e-con>.elementor-widget-spacer>.elementor-widget-container>.elementor-spacer{height:100%}.e-con-inner>.elementor-widget-spacer>.elementor-widget-container>.elementor-spacer>.elementor-spacer-inner,.e-con>.elementor-widget-spacer>.elementor-widget-container>.elementor-spacer>.elementor-spacer-inner{height:var(--container-widget-height,var(--spacer-size))}.e-con-inner>.elementor-widget-spacer.elementor-widget-empty,.e-con>.elementor-widget-spacer.elementor-widget-empty{position:relative;min-height:22px;min-width:22px}.e-con-inner>.elementor-widget-spacer.elementor-widget-empty .elementor-widget-empty-icon,.e-con>.elementor-widget-spacer.elementor-widget-empty .elementor-widget-empty-icon{position:absolute;top:0;bottom:0;left:0;right:0;margin:auto;padding:0;width:22px;height:22px}<\/style>\t\t<div class=\"elementor-spacer\">\n\t\t\t<div class=\"elementor-spacer-inner\"><\/div>\n\t\t<\/div>\n\t\t\t\t<\/div>\n\t\t\t\t<\/div>\n\t\t\t\t\t<\/div>\n\t\t<\/div>\n\t\t\t\t\t<\/div>\n\t\t<\/section>\n\t\t\t\t<section class=\"elementor-section elementor-top-section elementor-element elementor-element-f59ef45 elementor-section-boxed elementor-section-height-default elementor-section-height-default\" data-id=\"f59ef45\" data-element_type=\"section\">\n\t\t\t\t\t\t<div class=\"elementor-container elementor-column-gap-wider\">\n\t\t\t\t\t<div class=\"elementor-column elementor-col-100 elementor-top-column elementor-element elementor-element-d1c6704\" data-id=\"d1c6704\" data-element_type=\"column\">\n\t\t\t<div class=\"elementor-widget-wrap elementor-element-populated\">\n\t\t\t\t\t\t<div class=\"elementor-element elementor-element-6e86338 elementor-widget elementor-widget-text-editor\" data-id=\"6e86338\" data-element_type=\"widget\" data-widget_type=\"text-editor.default\">\n\t\t\t\t<div class=\"elementor-widget-container\">\n\t\t\t<style>\/*! elementor - v3.23.0 - 05-08-2024 *\/\n.elementor-widget-text-editor.elementor-drop-cap-view-stacked .elementor-drop-cap{background-color:#69727d;color:#fff}.elementor-widget-text-editor.elementor-drop-cap-view-framed .elementor-drop-cap{color:#69727d;border:3px solid;background-color:transparent}.elementor-widget-text-editor:not(.elementor-drop-cap-view-default) .elementor-drop-cap{margin-top:8px}.elementor-widget-text-editor:not(.elementor-drop-cap-view-default) .elementor-drop-cap-letter{width:1em;height:1em}.elementor-widget-text-editor .elementor-drop-cap{float:left;text-align:center;line-height:1;font-size:50px}.elementor-widget-text-editor .elementor-drop-cap-letter{display:inline-block}<\/style>\t\t\t\t<p class=\"p1\"><span class=\"s1\"><b>A) DEFINITION UND GENERISCHE FUNKTION VON<\/b> <b>COOKIES.<\/b><\/span><\/p><p class=\"p3\"><strong>HOLLISTER BASH SL<\/strong>, der Eigent\u00fcmer dieser Website, informiert, dass Cookies und\/oder \u00e4hnliche Technologien verwendet werden, um Informationen zu speichern und abzurufen, wenn Sie surfen. Im Allgemeinen k\u00f6nnen diese Technologien f\u00fcr eine Vielzahl von Zwecken eingesetzt werden, z. B. um Sie als Nutzer zu erkennen, Informationen \u00fcber Ihre Surfgewohnheiten zu erhalten oder die Art und Weise, wie Inhalte angezeigt werden, zu personalisieren. Im Folgenden wird beschrieben, wie wir diese Technologien im Einzelnen nutzen.<\/p><p class=\"p1\"><span class=\"s1\"><b>B) INFORMATIONEN \u00dcBER DIE ART DER VERWENDETEN COOKIES UND DEREN ZWECK.<\/b><\/span><\/p><ul class=\"ul1\"><li class=\"li6\"><b>Technische Daten:<\/b> Diese sind f\u00fcr das Surfen und das reibungslose Funktionieren unserer Website erforderlich. Sie erm\u00f6glichen beispielsweise die Steuerung des Verkehrs und der Datenkommunikation, den Zugang zu gesperrten Bereichen, die Durchf\u00fchrung eines Bestellvorgangs, die Verwendung von Sicherheitselementen, die Speicherung von Inhalten zur \u00dcbertragung von Videos oder die Freigabe von Inhalten \u00fcber soziale Netzwerke.<\/li><li class=\"li6\"><b>Personalisierung:<\/b> Sie erm\u00f6glichen es dem Nutzer, auf den Dienst mit vordefinierten Merkmalen zuzugreifen, die sich aus einer Reihe von Kriterien ergeben, wie z. B. der Sprache, der Art des Browsers, \u00fcber den der Dienst aufgerufen wird, der regionalen Konfiguration, von der aus der Dienst aufgerufen wird, usw.<\/li><li class=\"li6\"><b>Analyse:<\/b> Die Daten, die von uns oder von Dritten verarbeitet werden, erm\u00f6glichen es uns, die Anzahl der Nutzer zu quantifizieren und somit eine Messung und statistische Analyse der Nutzung des angebotenen Dienstes durch die Nutzer durchzuf\u00fchren. Zu diesem Zweck wird Ihr Surfverhalten auf unserer Website analysiert, um das Angebot an Produkten und Dienstleistungen f\u00fcr Sie zu verbessern.<\/li><li class=\"li6\"><b>Werbung:<\/b> Diese erm\u00f6glichen eine m\u00f6glichst effiziente Verwaltung der Werbefl\u00e4chen, die auf unserer Website platziert werden k\u00f6nnen.<\/li><\/ul><p class=\"p7\">&#8211; <b>Verhaltensbasierte Werbung<\/b>: Diese wird von uns oder von Dritten verarbeitet und erm\u00f6glicht es uns, Ihre Surfgewohnheiten im Internet zu analysieren, damit wir Ihnen Werbung zeigen k\u00f6nnen, die auf Ihr Surfprofil abgestimmt ist.<\/p>\t\t\t\t\t\t<\/div>\n\t\t\t\t<\/div>\n\t\t\t\t\t<\/div>\n\t\t<\/div>\n\t\t\t\t\t<\/div>\n\t\t<\/section>\n\t\t\t\t<\/div>\n\t\t","protected":false},"excerpt":{"rendered":"<p>A) DEFINITION UND GENERISCHE FUNKTION VON COOKIES. HOLLISTER BASH SL, der Eigent\u00fcmer dieser Website, informiert, dass Cookies und\/oder \u00e4hnliche Technologien verwendet werden, um Informationen zu speichern und abzurufen, wenn Sie surfen. Im Allgemeinen k\u00f6nnen diese Technologien f\u00fcr eine Vielzahl von Zwecken eingesetzt werden, z. B. um Sie als Nutzer zu erkennen, Informationen \u00fcber Ihre Surfgewohnheiten [&hellip;]<\/p>\n","protected":false},"author":1,"featured_media":0,"parent":0,"menu_order":0,"comment_status":"closed","ping_status":"closed","template":"","meta":{"_joinchat":[],"footnotes":""},"class_list":["post-1990","page","type-page","status-publish","hentry"],"yoast_head":"<!-- This site is optimized with the Yoast SEO plugin v23.7 - https:\/\/yoast.com\/wordpress\/plugins\/seo\/ -->\n<title>Cookie-Richtlinie - Hollister Bash Saloon<\/title>\n<meta name=\"robots\" content=\"noindex, follow\" \/>\n<meta property=\"og:locale\" content=\"de_DE\" \/>\n<meta property=\"og:type\" content=\"article\" \/>\n<meta property=\"og:title\" content=\"Cookie-Richtlinie - Hollister Bash Saloon\" \/>\n<meta property=\"og:description\" content=\"A) DEFINITION UND GENERISCHE FUNKTION VON COOKIES. HOLLISTER BASH SL, der Eigent\u00fcmer dieser Website, informiert, dass Cookies und\/oder \u00e4hnliche Technologien verwendet werden, um Informationen zu speichern und abzurufen, wenn Sie surfen. Im Allgemeinen k\u00f6nnen diese Technologien f\u00fcr eine Vielzahl von Zwecken eingesetzt werden, z. B. um Sie als Nutzer zu erkennen, Informationen \u00fcber Ihre Surfgewohnheiten [&hellip;]\" \/>\n<meta property=\"og:url\" content=\"https:\/\/hollisterbash.com\/de\/cookie-richtlinie\/\" \/>\n<meta property=\"og:site_name\" content=\"Hollister Bash Saloon\" \/>\n<meta property=\"article:publisher\" content=\"https:\/\/www.facebook.com\/hollisterbashsaloon\" \/>\n<meta property=\"article:modified_time\" content=\"2024-02-21T12:27:59+00:00\" \/>\n<meta name=\"twitter:card\" content=\"summary_large_image\" \/>\n<meta name=\"twitter:label1\" content=\"Gesch\u00e4tzte Lesezeit\" \/>\n\t<meta name=\"twitter:data1\" content=\"2\u00a0Minuten\" \/>\n<script type=\"application\/ld+json\" class=\"yoast-schema-graph\">{\"@context\":\"https:\/\/schema.org\",\"@graph\":[{\"@type\":\"WebPage\",\"@id\":\"https:\/\/hollisterbash.com\/de\/cookie-richtlinie\/\",\"url\":\"https:\/\/hollisterbash.com\/de\/cookie-richtlinie\/\",\"name\":\"Cookie-Richtlinie - Hollister Bash Saloon\",\"isPartOf\":{\"@id\":\"https:\/\/hollisterbash.com\/#website\"},\"datePublished\":\"2023-09-05T13:30:38+00:00\",\"dateModified\":\"2024-02-21T12:27:59+00:00\",\"breadcrumb\":{\"@id\":\"https:\/\/hollisterbash.com\/de\/cookie-richtlinie\/#breadcrumb\"},\"inLanguage\":\"de\",\"potentialAction\":[{\"@type\":\"ReadAction\",\"target\":[\"https:\/\/hollisterbash.com\/de\/cookie-richtlinie\/\"]}]},{\"@type\":\"BreadcrumbList\",\"@id\":\"https:\/\/hollisterbash.com\/de\/cookie-richtlinie\/#breadcrumb\",\"itemListElement\":[{\"@type\":\"ListItem\",\"position\":1,\"name\":\"Inicio\",\"item\":\"https:\/\/hollisterbash.com\/de\/\"},{\"@type\":\"ListItem\",\"position\":2,\"name\":\"Cookie-Richtlinie\"}]},{\"@type\":\"WebSite\",\"@id\":\"https:\/\/hollisterbash.com\/#website\",\"url\":\"https:\/\/hollisterbash.com\/\",\"name\":\"Hollister Bash Saloon\",\"description\":\"Restaurante americano\",\"publisher\":{\"@id\":\"https:\/\/hollisterbash.com\/#organization\"},\"potentialAction\":[{\"@type\":\"SearchAction\",\"target\":{\"@type\":\"EntryPoint\",\"urlTemplate\":\"https:\/\/hollisterbash.com\/?s={search_term_string}\"},\"query-input\":{\"@type\":\"PropertyValueSpecification\",\"valueRequired\":true,\"valueName\":\"search_term_string\"}}],\"inLanguage\":\"de\"},{\"@type\":\"Organization\",\"@id\":\"https:\/\/hollisterbash.com\/#organization\",\"name\":\"Hollister Bash Saloon\",\"url\":\"https:\/\/hollisterbash.com\/\",\"logo\":{\"@type\":\"ImageObject\",\"inLanguage\":\"de\",\"@id\":\"https:\/\/hollisterbash.com\/#\/schema\/logo\/image\/\",\"url\":\"https:\/\/hollisterbash.com\/wp-content\/uploads\/2023\/04\/Hollister-Bash.png\",\"contentUrl\":\"https:\/\/hollisterbash.com\/wp-content\/uploads\/2023\/04\/Hollister-Bash.png\",\"width\":843,\"height\":1138,\"caption\":\"Hollister Bash Saloon\"},\"image\":{\"@id\":\"https:\/\/hollisterbash.com\/#\/schema\/logo\/image\/\"},\"sameAs\":[\"https:\/\/www.facebook.com\/hollisterbashsaloon\",\"https:\/\/www.instagram.com\/hollisterbashsaloon\/\"]}]}<\/script>\n<!-- \/ Yoast SEO plugin. -->","yoast_head_json":{"title":"Cookie-Richtlinie - Hollister Bash Saloon","robots":{"index":"noindex","follow":"follow"},"og_locale":"de_DE","og_type":"article","og_title":"Cookie-Richtlinie - Hollister Bash Saloon","og_description":"A) DEFINITION UND GENERISCHE FUNKTION VON COOKIES. HOLLISTER BASH SL, der Eigent\u00fcmer dieser Website, informiert, dass Cookies und\/oder \u00e4hnliche Technologien verwendet werden, um Informationen zu speichern und abzurufen, wenn Sie surfen. Im Allgemeinen k\u00f6nnen diese Technologien f\u00fcr eine Vielzahl von Zwecken eingesetzt werden, z. B. um Sie als Nutzer zu erkennen, Informationen \u00fcber Ihre Surfgewohnheiten [&hellip;]","og_url":"https:\/\/hollisterbash.com\/de\/cookie-richtlinie\/","og_site_name":"Hollister Bash Saloon","article_publisher":"https:\/\/www.facebook.com\/hollisterbashsaloon","article_modified_time":"2024-02-21T12:27:59+00:00","twitter_card":"summary_large_image","twitter_misc":{"Gesch\u00e4tzte Lesezeit":"2\u00a0Minuten"},"schema":{"@context":"https:\/\/schema.org","@graph":[{"@type":"WebPage","@id":"https:\/\/hollisterbash.com\/de\/cookie-richtlinie\/","url":"https:\/\/hollisterbash.com\/de\/cookie-richtlinie\/","name":"Cookie-Richtlinie - Hollister Bash Saloon","isPartOf":{"@id":"https:\/\/hollisterbash.com\/#website"},"datePublished":"2023-09-05T13:30:38+00:00","dateModified":"2024-02-21T12:27:59+00:00","breadcrumb":{"@id":"https:\/\/hollisterbash.com\/de\/cookie-richtlinie\/#breadcrumb"},"inLanguage":"de","potentialAction":[{"@type":"ReadAction","target":["https:\/\/hollisterbash.com\/de\/cookie-richtlinie\/"]}]},{"@type":"BreadcrumbList","@id":"https:\/\/hollisterbash.com\/de\/cookie-richtlinie\/#breadcrumb","itemListElement":[{"@type":"ListItem","position":1,"name":"Inicio","item":"https:\/\/hollisterbash.com\/de\/"},{"@type":"ListItem","position":2,"name":"Cookie-Richtlinie"}]},{"@type":"WebSite","@id":"https:\/\/hollisterbash.com\/#website","url":"https:\/\/hollisterbash.com\/","name":"Hollister Bash Saloon","description":"Restaurante americano","publisher":{"@id":"https:\/\/hollisterbash.com\/#organization"},"potentialAction":[{"@type":"SearchAction","target":{"@type":"EntryPoint","urlTemplate":"https:\/\/hollisterbash.com\/?s={search_term_string}"},"query-input":{"@type":"PropertyValueSpecification","valueRequired":true,"valueName":"search_term_string"}}],"inLanguage":"de"},{"@type":"Organization","@id":"https:\/\/hollisterbash.com\/#organization","name":"Hollister Bash Saloon","url":"https:\/\/hollisterbash.com\/","logo":{"@type":"ImageObject","inLanguage":"de","@id":"https:\/\/hollisterbash.com\/#\/schema\/logo\/image\/","url":"https:\/\/hollisterbash.com\/wp-content\/uploads\/2023\/04\/Hollister-Bash.png","contentUrl":"https:\/\/hollisterbash.com\/wp-content\/uploads\/2023\/04\/Hollister-Bash.png","width":843,"height":1138,"caption":"Hollister Bash Saloon"},"image":{"@id":"https:\/\/hollisterbash.com\/#\/schema\/logo\/image\/"},"sameAs":["https:\/\/www.facebook.com\/hollisterbashsaloon","https:\/\/www.instagram.com\/hollisterbashsaloon\/"]}]}},"_links":{"self":[{"href":"https:\/\/hollisterbash.com\/de\/wp-json\/wp\/v2\/pages\/1990","targetHints":{"allow":["GET"]}}],"collection":[{"href":"https:\/\/hollisterbash.com\/de\/wp-json\/wp\/v2\/pages"}],"about":[{"href":"https:\/\/hollisterbash.com\/de\/wp-json\/wp\/v2\/types\/page"}],"author":[{"embeddable":true,"href":"https:\/\/hollisterbash.com\/de\/wp-json\/wp\/v2\/users\/1"}],"replies":[{"embeddable":true,"href":"https:\/\/hollisterbash.com\/de\/wp-json\/wp\/v2\/comments?post=1990"}],"version-history":[{"count":0,"href":"https:\/\/hollisterbash.com\/de\/wp-json\/wp\/v2\/pages\/1990\/revisions"}],"wp:attachment":[{"href":"https:\/\/hollisterbash.com\/de\/wp-json\/wp\/v2\/media?parent=1990"}],"curies":[{"name":"wp","href":"https:\/\/api.w.org\/{rel}","templated":true}]}}