{"id":1803,"date":"2023-09-05T13:30:48","date_gmt":"2023-09-05T13:30:48","guid":{"rendered":"https:\/\/hollisterbash.com\/erreichbarkeit\/"},"modified":"2024-02-21T12:30:44","modified_gmt":"2024-02-21T12:30:44","slug":"erreichbarkeit","status":"publish","type":"page","link":"https:\/\/hollisterbash.com\/de\/erreichbarkeit\/","title":{"rendered":"Erreichbarkeit"},"content":{"rendered":"\t\t<div data-elementor-type=\"wp-page\" data-elementor-id=\"1803\" class=\"elementor elementor-1803 elementor-1782\" data-elementor-post-type=\"page\">\n\t\t\t\t\t\t<section class=\"elementor-section elementor-top-section elementor-element elementor-element-9f3c252 elementor-section-full_width elementor-section-stretched elementor-section-height-default elementor-section-height-default\" data-id=\"9f3c252\" data-element_type=\"section\" data-settings=\"{&quot;stretch_section&quot;:&quot;section-stretched&quot;,&quot;background_background&quot;:&quot;classic&quot;}\">\n\t\t\t\t\t\t<div class=\"elementor-container elementor-column-gap-default\">\n\t\t\t\t\t<div class=\"elementor-column elementor-col-100 elementor-top-column elementor-element elementor-element-256136e\" data-id=\"256136e\" data-element_type=\"column\">\n\t\t\t<div class=\"elementor-widget-wrap elementor-element-populated\">\n\t\t\t\t\t\t<div class=\"elementor-element elementor-element-b6b3b21 elementor-widget elementor-widget-spacer\" data-id=\"b6b3b21\" data-element_type=\"widget\" data-widget_type=\"spacer.default\">\n\t\t\t\t<div class=\"elementor-widget-container\">\n\t\t\t<style>\/*! elementor - v3.23.0 - 05-08-2024 *\/\n.elementor-column .elementor-spacer-inner{height:var(--spacer-size)}.e-con{--container-widget-width:100%}.e-con-inner>.elementor-widget-spacer,.e-con>.elementor-widget-spacer{width:var(--container-widget-width,var(--spacer-size));--align-self:var(--container-widget-align-self,initial);--flex-shrink:0}.e-con-inner>.elementor-widget-spacer>.elementor-widget-container,.e-con>.elementor-widget-spacer>.elementor-widget-container{height:100%;width:100%}.e-con-inner>.elementor-widget-spacer>.elementor-widget-container>.elementor-spacer,.e-con>.elementor-widget-spacer>.elementor-widget-container>.elementor-spacer{height:100%}.e-con-inner>.elementor-widget-spacer>.elementor-widget-container>.elementor-spacer>.elementor-spacer-inner,.e-con>.elementor-widget-spacer>.elementor-widget-container>.elementor-spacer>.elementor-spacer-inner{height:var(--container-widget-height,var(--spacer-size))}.e-con-inner>.elementor-widget-spacer.elementor-widget-empty,.e-con>.elementor-widget-spacer.elementor-widget-empty{position:relative;min-height:22px;min-width:22px}.e-con-inner>.elementor-widget-spacer.elementor-widget-empty .elementor-widget-empty-icon,.e-con>.elementor-widget-spacer.elementor-widget-empty .elementor-widget-empty-icon{position:absolute;top:0;bottom:0;left:0;right:0;margin:auto;padding:0;width:22px;height:22px}<\/style>\t\t<div class=\"elementor-spacer\">\n\t\t\t<div class=\"elementor-spacer-inner\"><\/div>\n\t\t<\/div>\n\t\t\t\t<\/div>\n\t\t\t\t<\/div>\n\t\t\t\t\t<\/div>\n\t\t<\/div>\n\t\t\t\t\t<\/div>\n\t\t<\/section>\n\t\t\t\t<section class=\"elementor-section elementor-top-section elementor-element elementor-element-cb01cf5 elementor-section-boxed elementor-section-height-default elementor-section-height-default\" data-id=\"cb01cf5\" data-element_type=\"section\">\n\t\t\t\t\t\t<div class=\"elementor-container elementor-column-gap-wider\">\n\t\t\t\t\t<div class=\"elementor-column elementor-col-100 elementor-top-column elementor-element elementor-element-dfd467e\" data-id=\"dfd467e\" data-element_type=\"column\">\n\t\t\t<div class=\"elementor-widget-wrap elementor-element-populated\">\n\t\t\t\t\t\t<div class=\"elementor-element elementor-element-b3b02c9 elementor-widget elementor-widget-text-editor\" data-id=\"b3b02c9\" data-element_type=\"widget\" data-widget_type=\"text-editor.default\">\n\t\t\t\t<div class=\"elementor-widget-container\">\n\t\t\t<style>\/*! elementor - v3.23.0 - 05-08-2024 *\/\n.elementor-widget-text-editor.elementor-drop-cap-view-stacked .elementor-drop-cap{background-color:#69727d;color:#fff}.elementor-widget-text-editor.elementor-drop-cap-view-framed .elementor-drop-cap{color:#69727d;border:3px solid;background-color:transparent}.elementor-widget-text-editor:not(.elementor-drop-cap-view-default) .elementor-drop-cap{margin-top:8px}.elementor-widget-text-editor:not(.elementor-drop-cap-view-default) .elementor-drop-cap-letter{width:1em;height:1em}.elementor-widget-text-editor .elementor-drop-cap{float:left;text-align:center;line-height:1;font-size:50px}.elementor-widget-text-editor .elementor-drop-cap-letter{display:inline-block}<\/style>\t\t\t\t<p><strong>HOLLISTER BASH SL<\/strong> verpflichtet sich, seine Website gem\u00e4\u00df dem K\u00f6niglichen Erlass 1112\/2018 vom 7. September \u00fcber die Zug\u00e4nglichkeit von Websites und Anwendungen des \u00f6ffentlichen Sektors f\u00fcr mobile Ger\u00e4te oder von Europa finanzierte Entwicklungen zug\u00e4nglich zu machen.<\/p><p>Diese Erkl\u00e4rung zur Barrierefreiheit gilt f\u00fcr die Website <a href=\"https:\/\/hollisterbash.com\/de\/\">www.hollisterbash.com<\/a> mit Ausnahme von eingebetteten Inhalten aus anderen Bereichen.<\/p><h3>Stand der Einhaltung<\/h3><p>Diese Website entspricht teilweise der RD 1112\/2018, da die folgenden Aspekte nicht erf\u00fcllt sind.<\/p><h3>Erstellung der folgenden Zug\u00e4nglichkeitserkl\u00e4rung<\/h3><p>Diese Erkl\u00e4rung wurde am 26. Mai 2023 erstellt.<\/p><p>Die Methode zur Erstellung der Erkl\u00e4rung war eine von der Schule selbst durchgef\u00fchrte Selbsteinsch\u00e4tzung.<\/p><h3>Inhalt nicht zug\u00e4nglich<\/h3><p>Der nachstehende Inhalt ist aus den folgenden Gr\u00fcnden nicht zug\u00e4nglich:<\/p><ul><li>Nichteinhaltung der Vorschriften:<ul><li>Es kann einige Aspekte des Kontrasts geben, die nicht das erforderliche Minimum von 3:1 in Bezug auf die benachbarten Farben des Hintergrunds des betreffenden Abschnitts der Website erreichen. 9.1.4.11<\/li><li>Es kann einige textliche Alternativen geben, die nicht korrekt sind &#8211; Randnummer 9.1.1.1.1 Nicht textlicher Inhalt von UNE-EN 301549:2022<\/li><li>Es kann einige Verbindungen geben, deren Funktion oder Zweck nicht korrekt definiert sind &#8211; Randnummer 9.2.4.4.4 Zweck von Verbindungen der UNE-EN 301549:2022<\/li><li>Auf einigen Webseiten kann es gelegentlich zu Bearbeitungsfehlern kommen.<\/li><\/ul><\/li><li>Unverh\u00e4ltnism\u00e4\u00dfige Belastung: Nicht zutreffend.<\/li><li>Der Inhalt f\u00e4llt nicht in den Geltungsbereich der geltenden Rechtsvorschriften.<\/li><\/ul><p>M\u00f6glicherweise gibt es Office-Dateien in PDF- oder anderen Formaten, die vor dem 20. September 2018 ver\u00f6ffentlicht wurden und nicht alle Anforderungen an die Barrierefreiheit erf\u00fcllen.<\/p><p>Wenn Sie ein Problem mit der Zug\u00e4nglichkeit melden m\u00f6chten, k\u00f6nnen Sie dies \u00fcber unser Formular auf der <a href=\"https:\/\/www.hollisterbash.com\/contacto\/\">Seite Kontakt<\/a> tun.<\/p>\t\t\t\t\t\t<\/div>\n\t\t\t\t<\/div>\n\t\t\t\t\t<\/div>\n\t\t<\/div>\n\t\t\t\t\t<\/div>\n\t\t<\/section>\n\t\t\t\t<\/div>\n\t\t","protected":false},"excerpt":{"rendered":"<p>HOLLISTER BASH SL verpflichtet sich, seine Website gem\u00e4\u00df dem K\u00f6niglichen Erlass 1112\/2018 vom 7. September \u00fcber die Zug\u00e4nglichkeit von Websites und Anwendungen des \u00f6ffentlichen Sektors f\u00fcr mobile Ger\u00e4te oder von Europa finanzierte Entwicklungen zug\u00e4nglich zu machen. Diese Erkl\u00e4rung zur Barrierefreiheit gilt f\u00fcr die Website www.hollisterbash.com mit Ausnahme von eingebetteten Inhalten aus anderen Bereichen. Stand der [&hellip;]<\/p>\n","protected":false},"author":1,"featured_media":0,"parent":0,"menu_order":0,"comment_status":"closed","ping_status":"closed","template":"","meta":{"_joinchat":[],"footnotes":""},"class_list":["post-1803","page","type-page","status-publish","hentry"],"yoast_head":"<!-- This site is optimized with the Yoast SEO plugin v23.7 - https:\/\/yoast.com\/wordpress\/plugins\/seo\/ -->\n<title>Erreichbarkeit - Hollister Bash Saloon<\/title>\n<meta name=\"robots\" content=\"noindex, follow\" \/>\n<meta property=\"og:locale\" content=\"de_DE\" \/>\n<meta property=\"og:type\" content=\"article\" \/>\n<meta property=\"og:title\" content=\"Erreichbarkeit - Hollister Bash Saloon\" \/>\n<meta property=\"og:description\" content=\"HOLLISTER BASH SL verpflichtet sich, seine Website gem\u00e4\u00df dem K\u00f6niglichen Erlass 1112\/2018 vom 7. September \u00fcber die Zug\u00e4nglichkeit von Websites und Anwendungen des \u00f6ffentlichen Sektors f\u00fcr mobile Ger\u00e4te oder von Europa finanzierte Entwicklungen zug\u00e4nglich zu machen. Diese Erkl\u00e4rung zur Barrierefreiheit gilt f\u00fcr die Website www.hollisterbash.com mit Ausnahme von eingebetteten Inhalten aus anderen Bereichen. Stand der [&hellip;]\" \/>\n<meta property=\"og:url\" content=\"https:\/\/hollisterbash.com\/de\/erreichbarkeit\/\" \/>\n<meta property=\"og:site_name\" content=\"Hollister Bash Saloon\" \/>\n<meta property=\"article:publisher\" content=\"https:\/\/www.facebook.com\/hollisterbashsaloon\" \/>\n<meta property=\"article:modified_time\" content=\"2024-02-21T12:30:44+00:00\" \/>\n<meta name=\"twitter:card\" content=\"summary_large_image\" \/>\n<meta name=\"twitter:label1\" content=\"Gesch\u00e4tzte Lesezeit\" \/>\n\t<meta name=\"twitter:data1\" content=\"1\u00a0Minute\" \/>\n<script type=\"application\/ld+json\" class=\"yoast-schema-graph\">{\"@context\":\"https:\/\/schema.org\",\"@graph\":[{\"@type\":\"WebPage\",\"@id\":\"https:\/\/hollisterbash.com\/de\/erreichbarkeit\/\",\"url\":\"https:\/\/hollisterbash.com\/de\/erreichbarkeit\/\",\"name\":\"Erreichbarkeit - Hollister Bash Saloon\",\"isPartOf\":{\"@id\":\"https:\/\/hollisterbash.com\/#website\"},\"datePublished\":\"2023-09-05T13:30:48+00:00\",\"dateModified\":\"2024-02-21T12:30:44+00:00\",\"breadcrumb\":{\"@id\":\"https:\/\/hollisterbash.com\/de\/erreichbarkeit\/#breadcrumb\"},\"inLanguage\":\"de\",\"potentialAction\":[{\"@type\":\"ReadAction\",\"target\":[\"https:\/\/hollisterbash.com\/de\/erreichbarkeit\/\"]}]},{\"@type\":\"BreadcrumbList\",\"@id\":\"https:\/\/hollisterbash.com\/de\/erreichbarkeit\/#breadcrumb\",\"itemListElement\":[{\"@type\":\"ListItem\",\"position\":1,\"name\":\"Inicio\",\"item\":\"https:\/\/hollisterbash.com\/de\/\"},{\"@type\":\"ListItem\",\"position\":2,\"name\":\"Erreichbarkeit\"}]},{\"@type\":\"WebSite\",\"@id\":\"https:\/\/hollisterbash.com\/#website\",\"url\":\"https:\/\/hollisterbash.com\/\",\"name\":\"Hollister Bash Saloon\",\"description\":\"Restaurante americano\",\"publisher\":{\"@id\":\"https:\/\/hollisterbash.com\/#organization\"},\"potentialAction\":[{\"@type\":\"SearchAction\",\"target\":{\"@type\":\"EntryPoint\",\"urlTemplate\":\"https:\/\/hollisterbash.com\/?s={search_term_string}\"},\"query-input\":{\"@type\":\"PropertyValueSpecification\",\"valueRequired\":true,\"valueName\":\"search_term_string\"}}],\"inLanguage\":\"de\"},{\"@type\":\"Organization\",\"@id\":\"https:\/\/hollisterbash.com\/#organization\",\"name\":\"Hollister Bash Saloon\",\"url\":\"https:\/\/hollisterbash.com\/\",\"logo\":{\"@type\":\"ImageObject\",\"inLanguage\":\"de\",\"@id\":\"https:\/\/hollisterbash.com\/#\/schema\/logo\/image\/\",\"url\":\"https:\/\/hollisterbash.com\/wp-content\/uploads\/2023\/04\/Hollister-Bash.png\",\"contentUrl\":\"https:\/\/hollisterbash.com\/wp-content\/uploads\/2023\/04\/Hollister-Bash.png\",\"width\":843,\"height\":1138,\"caption\":\"Hollister Bash Saloon\"},\"image\":{\"@id\":\"https:\/\/hollisterbash.com\/#\/schema\/logo\/image\/\"},\"sameAs\":[\"https:\/\/www.facebook.com\/hollisterbashsaloon\",\"https:\/\/www.instagram.com\/hollisterbashsaloon\/\"]}]}<\/script>\n<!-- \/ Yoast SEO plugin. -->","yoast_head_json":{"title":"Erreichbarkeit - Hollister Bash Saloon","robots":{"index":"noindex","follow":"follow"},"og_locale":"de_DE","og_type":"article","og_title":"Erreichbarkeit - Hollister Bash Saloon","og_description":"HOLLISTER BASH SL verpflichtet sich, seine Website gem\u00e4\u00df dem K\u00f6niglichen Erlass 1112\/2018 vom 7. September \u00fcber die Zug\u00e4nglichkeit von Websites und Anwendungen des \u00f6ffentlichen Sektors f\u00fcr mobile Ger\u00e4te oder von Europa finanzierte Entwicklungen zug\u00e4nglich zu machen. Diese Erkl\u00e4rung zur Barrierefreiheit gilt f\u00fcr die Website www.hollisterbash.com mit Ausnahme von eingebetteten Inhalten aus anderen Bereichen. Stand der [&hellip;]","og_url":"https:\/\/hollisterbash.com\/de\/erreichbarkeit\/","og_site_name":"Hollister Bash Saloon","article_publisher":"https:\/\/www.facebook.com\/hollisterbashsaloon","article_modified_time":"2024-02-21T12:30:44+00:00","twitter_card":"summary_large_image","twitter_misc":{"Gesch\u00e4tzte Lesezeit":"1\u00a0Minute"},"schema":{"@context":"https:\/\/schema.org","@graph":[{"@type":"WebPage","@id":"https:\/\/hollisterbash.com\/de\/erreichbarkeit\/","url":"https:\/\/hollisterbash.com\/de\/erreichbarkeit\/","name":"Erreichbarkeit - Hollister Bash Saloon","isPartOf":{"@id":"https:\/\/hollisterbash.com\/#website"},"datePublished":"2023-09-05T13:30:48+00:00","dateModified":"2024-02-21T12:30:44+00:00","breadcrumb":{"@id":"https:\/\/hollisterbash.com\/de\/erreichbarkeit\/#breadcrumb"},"inLanguage":"de","potentialAction":[{"@type":"ReadAction","target":["https:\/\/hollisterbash.com\/de\/erreichbarkeit\/"]}]},{"@type":"BreadcrumbList","@id":"https:\/\/hollisterbash.com\/de\/erreichbarkeit\/#breadcrumb","itemListElement":[{"@type":"ListItem","position":1,"name":"Inicio","item":"https:\/\/hollisterbash.com\/de\/"},{"@type":"ListItem","position":2,"name":"Erreichbarkeit"}]},{"@type":"WebSite","@id":"https:\/\/hollisterbash.com\/#website","url":"https:\/\/hollisterbash.com\/","name":"Hollister Bash Saloon","description":"Restaurante americano","publisher":{"@id":"https:\/\/hollisterbash.com\/#organization"},"potentialAction":[{"@type":"SearchAction","target":{"@type":"EntryPoint","urlTemplate":"https:\/\/hollisterbash.com\/?s={search_term_string}"},"query-input":{"@type":"PropertyValueSpecification","valueRequired":true,"valueName":"search_term_string"}}],"inLanguage":"de"},{"@type":"Organization","@id":"https:\/\/hollisterbash.com\/#organization","name":"Hollister Bash Saloon","url":"https:\/\/hollisterbash.com\/","logo":{"@type":"ImageObject","inLanguage":"de","@id":"https:\/\/hollisterbash.com\/#\/schema\/logo\/image\/","url":"https:\/\/hollisterbash.com\/wp-content\/uploads\/2023\/04\/Hollister-Bash.png","contentUrl":"https:\/\/hollisterbash.com\/wp-content\/uploads\/2023\/04\/Hollister-Bash.png","width":843,"height":1138,"caption":"Hollister Bash Saloon"},"image":{"@id":"https:\/\/hollisterbash.com\/#\/schema\/logo\/image\/"},"sameAs":["https:\/\/www.facebook.com\/hollisterbashsaloon","https:\/\/www.instagram.com\/hollisterbashsaloon\/"]}]}},"_links":{"self":[{"href":"https:\/\/hollisterbash.com\/de\/wp-json\/wp\/v2\/pages\/1803","targetHints":{"allow":["GET"]}}],"collection":[{"href":"https:\/\/hollisterbash.com\/de\/wp-json\/wp\/v2\/pages"}],"about":[{"href":"https:\/\/hollisterbash.com\/de\/wp-json\/wp\/v2\/types\/page"}],"author":[{"embeddable":true,"href":"https:\/\/hollisterbash.com\/de\/wp-json\/wp\/v2\/users\/1"}],"replies":[{"embeddable":true,"href":"https:\/\/hollisterbash.com\/de\/wp-json\/wp\/v2\/comments?post=1803"}],"version-history":[{"count":0,"href":"https:\/\/hollisterbash.com\/de\/wp-json\/wp\/v2\/pages\/1803\/revisions"}],"wp:attachment":[{"href":"https:\/\/hollisterbash.com\/de\/wp-json\/wp\/v2\/media?parent=1803"}],"curies":[{"name":"wp","href":"https:\/\/api.w.org\/{rel}","templated":true}]}}